{"id":710,"date":"2019-01-24T11:36:26","date_gmt":"2019-01-24T09:36:26","guid":{"rendered":"https:\/\/www.fvp.fi\/?page_id=710"},"modified":"2026-02-07T14:09:57","modified_gmt":"2026-02-07T12:09:57","slug":"contact-us","status":"publish","type":"page","link":"https:\/\/www.fvp.fi\/en\/company\/contact-us\/","title":{"rendered":"Contact us"},"content":{"rendered":"<p>[et_pb_section fb_built=&#8221;1&#8243; _builder_version=&#8221;4.16&#8243; global_colors_info=&#8221;{}&#8221;][et_pb_row column_structure=&#8221;1_4,1_2,1_4&#8243; _builder_version=&#8221;4.16&#8243; background_size=&#8221;initial&#8221; background_position=&#8221;top_left&#8221; background_repeat=&#8221;repeat&#8221; global_colors_info=&#8221;{}&#8221;][et_pb_column type=&#8221;1_4&#8243; _builder_version=&#8221;4.16&#8243; custom_padding=&#8221;|||&#8221; global_colors_info=&#8221;{}&#8221; custom_padding__hover=&#8221;|||&#8221;][et_pb_blurb title=&#8221;Fault service 24 h&#8221; use_icon=&#8221;on&#8221; font_icon=&#8221;&#xe090;||divi||400&#8243; icon_color=&#8221;#ffffff&#8221; image_icon_background_color=&#8221;#dd3333&#8243; icon_placement=&#8221;left&#8221; image_icon_width=&#8221;16px&#8221; admin_label=&#8221;Vikap\u00e4ivystys 24 h&#8221; _builder_version=&#8221;4.22.1&#8243; background_size=&#8221;initial&#8221; background_position=&#8221;top_left&#8221; background_repeat=&#8221;repeat&#8221; image_icon_custom_padding=&#8221;8px|8px|8px|8px|false|false&#8221; max_width=&#8221;100%&#8221; animation=&#8221;off&#8221; border_radii_image=&#8221;on|100%|100%|100%|100%&#8221; use_circle=&#8221;on&#8221; use_circle_border=&#8221;off&#8221; circle_color=&#8221;#dd3333&#8243; global_module=&#8221;718&#8243; saved_tabs=&#8221;all&#8221; global_colors_info=&#8221;{}&#8221; image_icon_background_color__sticky_enabled=&#8221;#019069&#8243; image_icon_background_color__sticky=&#8221;#019069&#8243;]<\/p>\n<h4>Call 03 4126 717<\/h4>\n<p>[\/et_pb_blurb][et_pb_blurb title=&#8221;Saving energy&#8221; url=&#8221;https:\/\/www.fvp.fi\/en\/saving-energy&#8221; use_icon=&#8221;on&#8221; font_icon=&#8221;&#xe0dd;||divi||400&#8243; icon_color=&#8221;#ffffff&#8221; image_icon_background_color=&#8221;#0066cc&#8221; icon_placement=&#8221;left&#8221; image_icon_width=&#8221;16px&#8221; admin_label=&#8221;Energian s\u00e4\u00e4st\u00f6&#8221; _builder_version=&#8221;4.22.1&#8243; header_line_height=&#8221;1.5em&#8221; background_size=&#8221;initial&#8221; background_position=&#8221;top_left&#8221; background_repeat=&#8221;repeat&#8221; image_icon_custom_padding=&#8221;8px|8px|8px|8px|false|false&#8221; animation=&#8221;off&#8221; border_radii_image=&#8221;on|100%|100%|100%|100%&#8221; use_circle=&#8221;on&#8221; circle_color=&#8221;#0066cc&#8221; global_module=&#8221;719&#8243; saved_tabs=&#8221;all&#8221; global_colors_info=&#8221;{}&#8221; image_icon_background_color__sticky_enabled=&#8221;#019069&#8243; image_icon_background_color__sticky=&#8221;#019069&#8243;][\/et_pb_blurb][et_pb_blurb title=&#8221;Distribution network&#8221; url=&#8221;https:\/\/www.fvp.fi\/en\/distribution-network\/&#8221; use_icon=&#8221;on&#8221; font_icon=&#8221;&#xe083;||divi||400&#8243; icon_color=&#8221;#ffffff&#8221; image_icon_background_color=&#8221;#4cb105&#8243; icon_placement=&#8221;left&#8221; image_icon_width=&#8221;16px&#8221; admin_label=&#8221;Verkkoalue&#8221; _builder_version=&#8221;4.22.1&#8243; header_line_height=&#8221;1.5em&#8221; background_size=&#8221;initial&#8221; background_position=&#8221;top_left&#8221; background_repeat=&#8221;repeat&#8221; image_icon_custom_padding=&#8221;8px|8px|8px|8px|false|false&#8221; animation=&#8221;off&#8221; border_radii_image=&#8221;on|100%|100%|100%|100%&#8221; use_circle=&#8221;on&#8221; circle_color=&#8221;#4cb105&#8243; global_module=&#8221;720&#8243; saved_tabs=&#8221;all&#8221; global_colors_info=&#8221;{}&#8221; image_icon_background_color__sticky_enabled=&#8221;#019069&#8243; image_icon_background_color__sticky=&#8221;#019069&#8243;][\/et_pb_blurb][et_pb_blurb title=&#8221;Monitor your energy consumption&#8221; url=&#8221;https:\/\/oma.datahub.fi\/&#8221; url_new_window=&#8221;on&#8221; use_icon=&#8221;on&#8221; font_icon=&#8221;&#xe074;||divi||400&#8243; icon_color=&#8221;#ffffff&#8221; image_icon_background_color=&#8221;#123964&#8243; icon_placement=&#8221;left&#8221; image_icon_width=&#8221;16px&#8221; admin_label=&#8221;Seuraa kulutustasi&#8221; _builder_version=&#8221;4.26.0&#8243; background_size=&#8221;initial&#8221; background_position=&#8221;top_left&#8221; background_repeat=&#8221;repeat&#8221; image_icon_custom_padding=&#8221;8px|8px|8px|8px|false|false&#8221; text_orientation=&#8221;center&#8221; animation=&#8221;off&#8221; border_radii_image=&#8221;on|100%|100%|100%|100%&#8221; border_style=&#8221;solid&#8221; use_circle=&#8221;on&#8221; circle_color=&#8221;#123964&#8243; global_module=&#8221;721&#8243; saved_tabs=&#8221;all&#8221; global_colors_info=&#8221;{}&#8221; image_icon_background_color__sticky_enabled=&#8221;#019069&#8243; image_icon_background_color__sticky=&#8221;#019069&#8243;][\/et_pb_blurb][\/et_pb_column][et_pb_column type=&#8221;1_2&#8243; _builder_version=&#8221;4.16&#8243; custom_padding=&#8221;|||&#8221; global_colors_info=&#8221;{}&#8221; custom_padding__hover=&#8221;|||&#8221;][et_pb_text admin_label=&#8221;Sis\u00e4lt\u00f6teksti&#8221; _builder_version=&#8221;4.27.5&#8243; background_size=&#8221;initial&#8221; background_position=&#8221;top_left&#8221; background_repeat=&#8221;repeat&#8221; hover_enabled=&#8221;0&#8243; global_colors_info=&#8221;{}&#8221; sticky_enabled=&#8221;0&#8243;]<\/p>\n<h1>Contact us<\/h1>\n<h4>Note! We are a electricity distribution company. All contracs are done with an electricity seller you choose.<\/h4>\n<table style=\"width: 100%; height: 368px;\" border=\"0\" cellspacing=\"0\" cellpadding=\"2\">\n<tbody>\n<tr style=\"background-color: #e1e1e1; height: 103px;\">\n<td style=\"height: 103px;\" align=\"left\" valign=\"middle\" width=\"280\" height=\"23\">\n<p><strong>Customer service<\/strong> (by phone\/email: Mon-Fri 9-15, at office: Wed 9-16)<\/p>\n<ul>\n<li>When move-in \/ move-out, plase contact your electricity seller (we don&#8217;t sell energy).\u00a0<\/li>\n<li>When you make a deal with an electricity seller, we generate a distribution contract automatically with the same customer information you gave to your seller and send you a confirmation.<\/li>\n<\/ul>\n<p>Note! Customer service at Paulinkatu office is open only on Wedesdays at\u00a0 9 &#8211; 16.<\/p>\n<\/td>\n<td style=\"height: 103px;\" align=\"left\" valign=\"middle\" width=\"120\" height=\"23\">\n<p>03 4126 710<\/p>\n<p><a href=\"mailto:asiakaspalvelu@fvp.fi\">asiakaspalvelu@fvp.fi<\/a><\/p>\n<\/td>\n<\/tr>\n<tr style=\"height: 23px;\">\n<td style=\"height: 23px;\" align=\"left\" valign=\"middle\" width=\"280\" height=\"23\"><strong>Fault service<\/strong> 24h \/ 365 days<\/td>\n<td style=\"height: 23px;\" align=\"left\" valign=\"middle\" width=\"120\" height=\"23\">03 4126 720<\/td>\n<\/tr>\n<tr style=\"background-color: #e1e1e1; height: 23px;\">\n<td style=\"height: 23px;\" align=\"left\" valign=\"middle\" width=\"280\" height=\"23\"><strong>Cable lookup service<\/strong><\/td>\n<td style=\"height: 23px;\" align=\"left\" valign=\"middle\" width=\"120\" height=\"23\">03 4126 730<\/td>\n<\/tr>\n<tr style=\"height: 47px;\">\n<td style=\"height: 47px;\" align=\"left\" valign=\"top\" width=\"280\" height=\"23\">\n<p><strong>Technical customer service<\/strong><\/p>\n<ul>\n<li>technical customer service related electricity distribution<\/li>\n<li>new electricity connections (<a href=\"https:\/\/www.fvp.fi\/ohjeet\/liittyman-hankinta\/\">form<\/a>)<\/li>\n<li>change of fuse size (<a href=\"https:\/\/www.fvp.fi\/yleistietolomake\/\">form<\/a>)<\/li>\n<li>metering needs (<a href=\"https:\/\/www.fvp.fi\/yleistietolomake\/\">form<\/a>)<\/li>\n<li>connect production to the network (<a href=\"http:\/\/www.fvp.fi\/sisalto\/uploads\/mikrotuotantolaitteiston-liittaminen-verkkoon-yleistietolomake.pdf\">form<\/a>)<\/li>\n<li>kaapelinn\u00e4yt\u00f6t (my\u00f6s puhelimitse 03 4126 730)<\/li>\n<\/ul>\n<\/td>\n<td style=\"height: 47px;\" align=\"left\" valign=\"middle\" width=\"120\" height=\"23\">\n<p>03 4126 740<\/p>\n<p><a href=\"mailto:verkkopalvelut@fvp.fi\"><span style=\"color: #810081;\">verkkopalvelut@fvp.fi<\/span><\/a><\/p>\n<\/td>\n<\/tr>\n<tr style=\"background-color: #e1e1e1; height: 23px;\">\n<td style=\"height: 23px;\" align=\"left\" valign=\"top\" width=\"280\" height=\"23\">\n<p><strong>Payments issues\u00a0 \/ Ropo<\/strong> (Mon-Fri 8-18)<\/p>\n<ul>\n<li>due date changes<\/li>\n<li>payment plans<\/li>\n<li>inquiries about unpaid invoices<\/li>\n<\/ul>\n<p><em>Please contact Ropo directly since they do of our account receivables.<\/em><\/p>\n<\/td>\n<td style=\"height: 23px;\" align=\"left\" valign=\"middle\" width=\"120\" height=\"23\">\n<p>09 4246 1337<\/p>\n<p><a href=\"http:\/\/www.myropo.fi\">www.myropo.fi<\/a><\/p>\n<\/td>\n<\/tr>\n<tr style=\"height: 47px;\">\n<td style=\"height: 47px;\" align=\"left\" valign=\"top\" width=\"280\" height=\"23\">\n<p>Telephone switch \/ service menu<\/p>\n<\/td>\n<td style=\"height: 47px;\" align=\"left\" valign=\"middle\" width=\"120\" height=\"23\">\n<p>03 41261<\/p>\n<p><a href=\"mailto:verkkopalvelut@fvp.fi\"><span style=\"color: #810081;\">verkkopalvelut@fvp.fi<\/span><\/a><\/p>\n<\/td>\n<\/tr>\n<\/tbody>\n<\/table>\n<p><strong>Street address: <\/strong>Paulinkatu 9, 30420 Forssa<\/p>\n<h3>Direct contacts<\/h3>\n<p>Note! With our technical customer service number 03 4126 740 you reach all you expers (Niko, Mika and Jiri).\u00a0\u00a0<\/p>\n<table style=\"width: 100%; height: 368px;\" border=\"0\" cellspacing=\"0\" cellpadding=\"2\">\n<tbody>\n<tr style=\"height: 23px;\">\n<td style=\"height: 23px;\" align=\"left\" valign=\"middle\" width=\"280\" height=\"23\">Duty officer \/ Fault service (24h)<\/td>\n<td style=\"height: 23px;\" align=\"left\" valign=\"middle\" width=\"120\" height=\"23\">03 4126 720<\/td>\n<\/tr>\n<tr style=\"background-color: #e1e1e1; height: 23px;\">\n<td style=\"height: 23px;\" align=\"left\" valign=\"middle\" width=\"280\" height=\"23\">Site Management \u203a Niko Kasurinen<\/td>\n<td style=\"height: 23px;\" align=\"left\" valign=\"middle\" width=\"120\" height=\"23\">044 493 6424<\/td>\n<\/tr>\n<tr style=\"height: 47px;\">\n<td style=\"height: 47px;\" align=\"left\" valign=\"top\" width=\"280\" height=\"23\">Network Manager \u203a Mika Sulonen<\/td>\n<td style=\"height: 47px;\" align=\"left\" valign=\"middle\" width=\"120\" height=\"23\">050 349 7297<\/td>\n<\/tr>\n<tr style=\"background-color: #e1e1e1; height: 23px;\">\n<td style=\"height: 23px;\" align=\"left\" valign=\"top\" width=\"280\" height=\"23\">Distribution Network Director \u203a Jiri T\u00e4hk\u00e4nen<\/td>\n<td style=\"height: 23px;\" align=\"left\" valign=\"middle\" width=\"120\" height=\"23\">040 706 2889<\/td>\n<\/tr>\n<tr style=\"height: 47px;\">\n<td style=\"height: 47px;\" align=\"left\" valign=\"top\" width=\"280\" height=\"23\">CEO \u203a Risto Lehtonen<\/td>\n<td style=\"height: 47px;\" align=\"left\" valign=\"middle\" width=\"120\" height=\"23\">044 738 6273<\/td>\n<\/tr>\n<tr style=\"background-color: #e1e1e1; height: 23px;\">\n<td style=\"height: 23px;\" align=\"left\" valign=\"top\" width=\"280\" height=\"23\">All our email addresses are: firstname.lastname@fvp.fi<\/td>\n<td style=\"height: 23px;\" align=\"left\" valign=\"middle\" width=\"120\" height=\"23\">\u00a0<\/td>\n<\/tr>\n<\/tbody>\n<\/table>\n<p>&nbsp;<\/p>\n<h2><span style=\"font-size: small; color: #a5a5a5;\">Note: The English translations are meant to support the Finnish website. In all conflict situations, the Finnish website and its content are primary.<\/span><\/h2>\n<p>[\/et_pb_text][\/et_pb_column][et_pb_column type=&#8221;1_4&#8243; _builder_version=&#8221;4.16&#8243; custom_padding=&#8221;|||&#8221; global_colors_info=&#8221;{}&#8221; custom_padding__hover=&#8221;|||&#8221;][\/et_pb_column][\/et_pb_row][\/et_pb_section]<\/p>\n","protected":false},"excerpt":{"rendered":"<p>Call 03 4126 717 Contact us Note! We are a electricity distribution company. All contracs are done with an electricity seller you choose. Customer service (by phone\/email: Mon-Fri 9-15, at office: Wed 9-16) When move-in \/ move-out, plase contact your electricity seller (we don&#8217;t sell energy).\u00a0 When you make a deal with an electricity seller, [&hellip;]<\/p>\n","protected":false},"author":2,"featured_media":0,"parent":706,"menu_order":100,"comment_status":"closed","ping_status":"closed","template":"","meta":{"_et_pb_use_builder":"on","_et_pb_old_content":"","_et_gb_content_width":"","_monsterinsights_skip_tracking":false,"_monsterinsights_sitenote_active":false,"_monsterinsights_sitenote_note":"","_monsterinsights_sitenote_category":0,"footnotes":""},"class_list":["post-710","page","type-page","status-publish","hentry"],"_links":{"self":[{"href":"https:\/\/www.fvp.fi\/en\/wp-json\/wp\/v2\/pages\/710","targetHints":{"allow":["GET"]}}],"collection":[{"href":"https:\/\/www.fvp.fi\/en\/wp-json\/wp\/v2\/pages"}],"about":[{"href":"https:\/\/www.fvp.fi\/en\/wp-json\/wp\/v2\/types\/page"}],"author":[{"embeddable":true,"href":"https:\/\/www.fvp.fi\/en\/wp-json\/wp\/v2\/users\/2"}],"replies":[{"embeddable":true,"href":"https:\/\/www.fvp.fi\/en\/wp-json\/wp\/v2\/comments?post=710"}],"version-history":[{"count":10,"href":"https:\/\/www.fvp.fi\/en\/wp-json\/wp\/v2\/pages\/710\/revisions"}],"predecessor-version":[{"id":2530,"href":"https:\/\/www.fvp.fi\/en\/wp-json\/wp\/v2\/pages\/710\/revisions\/2530"}],"up":[{"embeddable":true,"href":"https:\/\/www.fvp.fi\/en\/wp-json\/wp\/v2\/pages\/706"}],"wp:attachment":[{"href":"https:\/\/www.fvp.fi\/en\/wp-json\/wp\/v2\/media?parent=710"}],"curies":[{"name":"wp","href":"https:\/\/api.w.org\/{rel}","templated":true}]}}