{"id":725,"date":"2019-01-24T11:47:37","date_gmt":"2019-01-24T09:47:37","guid":{"rendered":"https:\/\/www.fvp.fi\/?page_id=725"},"modified":"2019-03-24T18:54:15","modified_gmt":"2019-03-24T16:54:15","slug":"location","status":"publish","type":"page","link":"https:\/\/www.fvp.fi\/en\/company\/location\/","title":{"rendered":"Location"},"content":{"rendered":"<p>[et_pb_section fb_built=&#8221;1&#8243; _builder_version=&#8221;3.0.47&#8243;][et_pb_row _builder_version=&#8221;3.0.48&#8243; background_size=&#8221;initial&#8221; background_position=&#8221;top_left&#8221; background_repeat=&#8221;repeat&#8221;][et_pb_column type=&#8221;1_4&#8243; _builder_version=&#8221;3.0.47&#8243;][et_pb_blurb title=&#8221;Fault service 24 h&#8221; use_icon=&#8221;on&#8221; font_icon=&#8221;\ue090&#8221; icon_color=&#8221;#ffffff&#8221; use_circle=&#8221;on&#8221; circle_color=&#8221;#dd3333&#8243; icon_placement=&#8221;left&#8221; admin_label=&#8221;Vikap\u00e4ivystys 24 h&#8221; _builder_version=&#8221;3.19.14&#8243; background_size=&#8221;initial&#8221; background_position=&#8221;top_left&#8221; background_repeat=&#8221;repeat&#8221; text_orientation=&#8221;center&#8221; animation=&#8221;off&#8221; global_module=&#8221;718&#8243; saved_tabs=&#8221;all&#8221;]<\/p>\n<h4>Call 03 4126 717<\/h4>\n<p>[\/et_pb_blurb][et_pb_blurb title=&#8221;Saving energy&#8221; url=&#8221;https:\/\/www.fvp.fi\/en\/saving-energy&#8221; use_icon=&#8221;on&#8221; font_icon=&#8221;\ue0dd&#8221; icon_color=&#8221;#ffffff&#8221; use_circle=&#8221;on&#8221; circle_color=&#8221;#0066cc&#8221; icon_placement=&#8221;left&#8221; admin_label=&#8221;Energian s\u00e4\u00e4st\u00f6&#8221; _builder_version=&#8221;3.19.8&#8243; background_size=&#8221;initial&#8221; background_position=&#8221;top_left&#8221; background_repeat=&#8221;repeat&#8221; text_orientation=&#8221;center&#8221; animation=&#8221;off&#8221; global_module=&#8221;719&#8243; saved_tabs=&#8221;all&#8221;][\/et_pb_blurb][et_pb_blurb title=&#8221;Distribution network&#8221; url=&#8221;https:\/\/www.fvp.fi\/en\/distribution-network\/&#8221; use_icon=&#8221;on&#8221; font_icon=&#8221;\ue083&#8221; icon_color=&#8221;#ffffff&#8221; use_circle=&#8221;on&#8221; circle_color=&#8221;#4cb105&#8243; icon_placement=&#8221;left&#8221; admin_label=&#8221;Verkkoalue&#8221; _builder_version=&#8221;3.19.8&#8243; background_size=&#8221;initial&#8221; background_position=&#8221;top_left&#8221; background_repeat=&#8221;repeat&#8221; text_orientation=&#8221;center&#8221; animation=&#8221;off&#8221; global_module=&#8221;720&#8243; saved_tabs=&#8221;all&#8221;][\/et_pb_blurb][et_pb_blurb title=&#8221;Monitor your energy consumption&#8221; url=&#8221;https:\/\/foronline.spsoy.fi\/&#8221; url_new_window=&#8221;on&#8221; use_icon=&#8221;on&#8221; font_icon=&#8221;\ue074&#8221; icon_color=&#8221;#ffffff&#8221; use_circle=&#8221;on&#8221; circle_color=&#8221;#123964&#8243; icon_placement=&#8221;left&#8221; admin_label=&#8221;Seuraa kulutustasi&#8221; _builder_version=&#8221;3.19.8&#8243; background_size=&#8221;initial&#8221; background_position=&#8221;top_left&#8221; background_repeat=&#8221;repeat&#8221; text_orientation=&#8221;center&#8221; animation=&#8221;off&#8221; border_style=&#8221;solid&#8221; global_module=&#8221;721&#8243; saved_tabs=&#8221;all&#8221;]<\/p>\n<p>Keep track of your energy consumption and its developments with our monitoring service.<\/p>\n<p>[\/et_pb_blurb][\/et_pb_column][et_pb_column type=&#8221;3_4&#8243; _builder_version=&#8221;3.0.47&#8243;][et_pb_text admin_label=&#8221;Sis\u00e4lt\u00f6teksti&#8221; _builder_version=&#8221;3.19.8&#8243; background_size=&#8221;initial&#8221; background_position=&#8221;top_left&#8221; background_repeat=&#8221;repeat&#8221;]<\/p>\n<h1>Location<\/h1>\n<p>Paulinkatu 9<br \/>30420 FORSSA<\/p>\n<p>[\/et_pb_text][et_pb_map address=&#8221;Paulinkatu 9, 30420 Forssa, Suomi&#8221; zoom_level=&#8221;13&#8243; address_lat=&#8221;60.8167207&#8243; address_lng=&#8221;23.605330399999957&#8243; _builder_version=&#8221;3.0.91&#8243;][et_pb_map_pin title=&#8221;Forssan Verkkopalvelut Oy&#8221; pin_address=&#8221;Paulinkatu 9, 30420 Forssa, Suomi&#8221; pin_address_lat=&#8221;60.8167207&#8243; pin_address_lng=&#8221;23.605330399999957&#8243; _builder_version=&#8221;3.0.47&#8243;][\/et_pb_map_pin][\/et_pb_map][\/et_pb_column][\/et_pb_row][\/et_pb_section][et_pb_section fb_built=&#8221;1&#8243; _builder_version=&#8221;3.19.18&#8243;][et_pb_row _builder_version=&#8221;3.19.18&#8243;][et_pb_column type=&#8221;4_4&#8243; _builder_version=&#8221;3.19.18&#8243;][et_pb_text _builder_version=&#8221;3.19.18&#8243;]<\/p>\n<p style=\"text-align: right;\"><span style=\"color: #8c8c8c; font-size: small;\">Note: The English translations are meant to support the Finnish website. In all conflict situations, the Finnish website and its content are primary.<\/span><\/p>\n<p>[\/et_pb_text][\/et_pb_column][\/et_pb_row][\/et_pb_section]<\/p>\n","protected":false},"excerpt":{"rendered":"<p>Call 03 4126 717 Keep track of your energy consumption and its developments with our monitoring service. Location Paulinkatu 930420 FORSSANote: The English translations are meant to support the Finnish website. In all conflict situations, the Finnish website and its content are primary.<\/p>\n","protected":false},"author":2,"featured_media":0,"parent":706,"menu_order":800,"comment_status":"closed","ping_status":"closed","template":"","meta":{"_et_pb_use_builder":"on","_et_pb_old_content":"","_et_gb_content_width":"","_monsterinsights_skip_tracking":false,"_monsterinsights_sitenote_active":false,"_monsterinsights_sitenote_note":"","_monsterinsights_sitenote_category":0,"footnotes":""},"class_list":["post-725","page","type-page","status-publish","hentry"],"_links":{"self":[{"href":"https:\/\/www.fvp.fi\/en\/wp-json\/wp\/v2\/pages\/725","targetHints":{"allow":["GET"]}}],"collection":[{"href":"https:\/\/www.fvp.fi\/en\/wp-json\/wp\/v2\/pages"}],"about":[{"href":"https:\/\/www.fvp.fi\/en\/wp-json\/wp\/v2\/types\/page"}],"author":[{"embeddable":true,"href":"https:\/\/www.fvp.fi\/en\/wp-json\/wp\/v2\/users\/2"}],"replies":[{"embeddable":true,"href":"https:\/\/www.fvp.fi\/en\/wp-json\/wp\/v2\/comments?post=725"}],"version-history":[{"count":6,"href":"https:\/\/www.fvp.fi\/en\/wp-json\/wp\/v2\/pages\/725\/revisions"}],"predecessor-version":[{"id":857,"href":"https:\/\/www.fvp.fi\/en\/wp-json\/wp\/v2\/pages\/725\/revisions\/857"}],"up":[{"embeddable":true,"href":"https:\/\/www.fvp.fi\/en\/wp-json\/wp\/v2\/pages\/706"}],"wp:attachment":[{"href":"https:\/\/www.fvp.fi\/en\/wp-json\/wp\/v2\/media?parent=725"}],"curies":[{"name":"wp","href":"https:\/\/api.w.org\/{rel}","templated":true}]}}