{"id":751,"date":"2019-01-24T11:59:58","date_gmt":"2019-01-24T09:59:58","guid":{"rendered":"https:\/\/www.fvp.fi\/?page_id=751"},"modified":"2023-09-19T18:36:43","modified_gmt":"2023-09-19T15:36:43","slug":"for-builders","status":"publish","type":"page","link":"https:\/\/www.fvp.fi\/en\/for-builders\/","title":{"rendered":"For builders"},"content":{"rendered":"<p>[et_pb_section fb_built=&#8221;1&#8243; _builder_version=&#8221;4.16&#8243; global_colors_info=&#8221;{}&#8221;][et_pb_row _builder_version=&#8221;4.22.1&#8243; background_size=&#8221;initial&#8221; background_position=&#8221;top_left&#8221; background_repeat=&#8221;repeat&#8221; hover_enabled=&#8221;0&#8243; global_colors_info=&#8221;{}&#8221; column_structure=&#8221;1_4,1_2,1_4&#8243; use_custom_gutter=&#8221;on&#8221; gutter_width=&#8221;2&#8243; sticky_enabled=&#8221;0&#8243;][et_pb_column type=&#8221;1_4&#8243; _builder_version=&#8221;4.22.1&#8243; custom_padding=&#8221;|30px|||false|false&#8221; hover_enabled=&#8221;0&#8243; global_colors_info=&#8221;{}&#8221; custom_padding__hover=&#8221;|||&#8221; border_width_right=&#8221;1px&#8221; sticky_enabled=&#8221;0&#8243; border_color_right=&#8221;#cccccc&#8221; border_width_right_last_edited=&#8221;on|tablet&#8221; border_width_right_tablet=&#8221;0px&#8221; border_width_right_phone=&#8221;0px&#8221;][et_pb_blurb title=&#8221;Fault service 24 h&#8221; use_icon=&#8221;on&#8221; font_icon=&#8221;&#xe090;||divi||400&#8243; icon_color=&#8221;#ffffff&#8221; image_icon_background_color=&#8221;#dd3333&#8243; icon_placement=&#8221;left&#8221; image_icon_width=&#8221;16px&#8221; admin_label=&#8221;Vikap\u00e4ivystys 24 h&#8221; _builder_version=&#8221;4.22.1&#8243; background_size=&#8221;initial&#8221; background_position=&#8221;top_left&#8221; background_repeat=&#8221;repeat&#8221; image_icon_custom_padding=&#8221;8px|8px|8px|8px|false|false&#8221; max_width=&#8221;100%&#8221; animation=&#8221;off&#8221; border_radii_image=&#8221;on|100%|100%|100%|100%&#8221; use_circle=&#8221;on&#8221; use_circle_border=&#8221;off&#8221; circle_color=&#8221;#dd3333&#8243; global_module=&#8221;718&#8243; saved_tabs=&#8221;all&#8221; global_colors_info=&#8221;{}&#8221; image_icon_background_color__sticky_enabled=&#8221;#019069&#8243; image_icon_background_color__sticky=&#8221;#019069&#8243;]<\/p>\n<h4>Call 03 4126 717<\/h4>\n<p>[\/et_pb_blurb][et_pb_blurb title=&#8221;Saving energy&#8221; url=&#8221;https:\/\/www.fvp.fi\/en\/saving-energy&#8221; use_icon=&#8221;on&#8221; font_icon=&#8221;&#xe0dd;||divi||400&#8243; icon_color=&#8221;#ffffff&#8221; image_icon_background_color=&#8221;#0066cc&#8221; icon_placement=&#8221;left&#8221; image_icon_width=&#8221;16px&#8221; admin_label=&#8221;Energian s\u00e4\u00e4st\u00f6&#8221; _builder_version=&#8221;4.22.1&#8243; header_line_height=&#8221;1.5em&#8221; background_size=&#8221;initial&#8221; background_position=&#8221;top_left&#8221; background_repeat=&#8221;repeat&#8221; image_icon_custom_padding=&#8221;8px|8px|8px|8px|false|false&#8221; animation=&#8221;off&#8221; border_radii_image=&#8221;on|100%|100%|100%|100%&#8221; use_circle=&#8221;on&#8221; circle_color=&#8221;#0066cc&#8221; global_module=&#8221;719&#8243; saved_tabs=&#8221;all&#8221; global_colors_info=&#8221;{}&#8221; image_icon_background_color__sticky_enabled=&#8221;#019069&#8243; image_icon_background_color__sticky=&#8221;#019069&#8243;][\/et_pb_blurb][et_pb_blurb title=&#8221;Distribution network&#8221; url=&#8221;https:\/\/www.fvp.fi\/en\/distribution-network\/&#8221; use_icon=&#8221;on&#8221; font_icon=&#8221;&#xe083;||divi||400&#8243; icon_color=&#8221;#ffffff&#8221; image_icon_background_color=&#8221;#4cb105&#8243; icon_placement=&#8221;left&#8221; image_icon_width=&#8221;16px&#8221; admin_label=&#8221;Verkkoalue&#8221; _builder_version=&#8221;4.22.1&#8243; header_line_height=&#8221;1.5em&#8221; background_size=&#8221;initial&#8221; background_position=&#8221;top_left&#8221; background_repeat=&#8221;repeat&#8221; image_icon_custom_padding=&#8221;8px|8px|8px|8px|false|false&#8221; animation=&#8221;off&#8221; border_radii_image=&#8221;on|100%|100%|100%|100%&#8221; use_circle=&#8221;on&#8221; circle_color=&#8221;#4cb105&#8243; global_module=&#8221;720&#8243; saved_tabs=&#8221;all&#8221; global_colors_info=&#8221;{}&#8221; image_icon_background_color__sticky_enabled=&#8221;#019069&#8243; image_icon_background_color__sticky=&#8221;#019069&#8243;][\/et_pb_blurb][et_pb_blurb title=&#8221;Monitor your energy consumption&#8221; url=&#8221;https:\/\/foronline.spsoy.fi\/&#8221; url_new_window=&#8221;on&#8221; use_icon=&#8221;on&#8221; font_icon=&#8221;&#xe074;||divi||400&#8243; icon_color=&#8221;#ffffff&#8221; image_icon_background_color=&#8221;#123964&#8243; icon_placement=&#8221;left&#8221; image_icon_width=&#8221;16px&#8221; admin_label=&#8221;Seuraa kulutustasi&#8221; _builder_version=&#8221;4.22.1&#8243; background_size=&#8221;initial&#8221; background_position=&#8221;top_left&#8221; background_repeat=&#8221;repeat&#8221; image_icon_custom_padding=&#8221;8px|8px|8px|8px|false|false&#8221; animation=&#8221;off&#8221; border_radii_image=&#8221;on|100%|100%|100%|100%&#8221; border_style=&#8221;solid&#8221; use_circle=&#8221;on&#8221; circle_color=&#8221;#123964&#8243; global_module=&#8221;721&#8243; saved_tabs=&#8221;all&#8221; global_colors_info=&#8221;{}&#8221; image_icon_background_color__sticky_enabled=&#8221;#019069&#8243; image_icon_background_color__sticky=&#8221;#019069&#8243;]<\/p>\n<p>Keep track of your energy consumption and its developments with our monitoring service.<\/p>\n<p>[\/et_pb_blurb][\/et_pb_column][et_pb_column type=&#8221;1_2&#8243; _builder_version=&#8221;4.16&#8243; custom_padding=&#8221;|||&#8221; global_colors_info=&#8221;{}&#8221; custom_padding__hover=&#8221;|||&#8221;][et_pb_text admin_label=&#8221;Sis\u00e4lt\u00f6teksti&#8221; _builder_version=&#8221;4.16&#8243; background_size=&#8221;initial&#8221; background_position=&#8221;top_left&#8221; background_repeat=&#8221;repeat&#8221; global_colors_info=&#8221;{}&#8221;]<\/p>\n<h1>For builders<br \/>\u00a0<\/h1>\n<h3>Tips for electrification and choosing a suitable\u00a0connection.<\/h3>\n<p>Before you begin constructions, take a look at\u00a0our Guide for House Builders. In it you will find things about electrification that you should take into consideration in different phases of construction.<\/p>\n<p>When choosing a suitable\u00a0connection and purchasing electricity for the construction phase, it is best to contact Forssan Verkkopalvelut (03 4126 710) at an early stage.<\/p>\n<p>There is a separate guide for electrical designers and contractors.<\/p>\n<p>With our General information form, you can order the services you need,\u00a0e.g., installations and metering,\u00a0and\u00a0renting temporary power distribution boxes.<\/p>\n<p>Make sure that there are no cables near your construction site. Our free cable lookup service can be ordered by calling 03 4126 730.<\/p>\n<p>&nbsp;<\/p>\n<p><span style=\"font-size: small; color: #a5a5a5;\">Note: The English translations are meant to support the Finnish website. In all conflict situations, the Finnish website and its content are primary.<\/span><\/p>\n<p>&nbsp;<\/p>\n<p>[\/et_pb_text][\/et_pb_column][et_pb_column type=&#8221;1_4&#8243; _builder_version=&#8221;4.16&#8243; custom_padding=&#8221;|||&#8221; global_colors_info=&#8221;{}&#8221; custom_padding__hover=&#8221;|||&#8221;][\/et_pb_column][\/et_pb_row][\/et_pb_section]<\/p>\n","protected":false},"excerpt":{"rendered":"<p>Call 03 4126 717 Keep track of your energy consumption and its developments with our monitoring service. For builders\u00a0 Tips for electrification and choosing a suitable\u00a0connection. Before you begin constructions, take a look at\u00a0our Guide for House Builders. In it you will find things about electrification that you should take into consideration in different phases [&hellip;]<\/p>\n","protected":false},"author":2,"featured_media":0,"parent":0,"menu_order":100,"comment_status":"closed","ping_status":"closed","template":"","meta":{"_et_pb_use_builder":"on","_et_pb_old_content":"","_et_gb_content_width":"","_monsterinsights_skip_tracking":false,"_monsterinsights_sitenote_active":false,"_monsterinsights_sitenote_note":"","_monsterinsights_sitenote_category":0,"footnotes":""},"class_list":["post-751","page","type-page","status-publish","hentry"],"_links":{"self":[{"href":"https:\/\/www.fvp.fi\/en\/wp-json\/wp\/v2\/pages\/751","targetHints":{"allow":["GET"]}}],"collection":[{"href":"https:\/\/www.fvp.fi\/en\/wp-json\/wp\/v2\/pages"}],"about":[{"href":"https:\/\/www.fvp.fi\/en\/wp-json\/wp\/v2\/types\/page"}],"author":[{"embeddable":true,"href":"https:\/\/www.fvp.fi\/en\/wp-json\/wp\/v2\/users\/2"}],"replies":[{"embeddable":true,"href":"https:\/\/www.fvp.fi\/en\/wp-json\/wp\/v2\/comments?post=751"}],"version-history":[{"count":5,"href":"https:\/\/www.fvp.fi\/en\/wp-json\/wp\/v2\/pages\/751\/revisions"}],"predecessor-version":[{"id":1353,"href":"https:\/\/www.fvp.fi\/en\/wp-json\/wp\/v2\/pages\/751\/revisions\/1353"}],"wp:attachment":[{"href":"https:\/\/www.fvp.fi\/en\/wp-json\/wp\/v2\/media?parent=751"}],"curies":[{"name":"wp","href":"https:\/\/api.w.org\/{rel}","templated":true}]}}